{"id":16,"date":"2015-06-19T16:52:51","date_gmt":"2015-06-19T16:52:51","guid":{"rendered":"https:\/\/www.cuscobedandbreakfast.net\/?page_id=16"},"modified":"2021-12-17T22:26:09","modified_gmt":"2021-12-17T22:26:09","slug":"bed-and-breakfast-cusco-hotel-in-cusco-best-hotels-in-the-world-what-to-eat-for-breakfast-html","status":"publish","type":"page","link":"https:\/\/www.cuscobedandbreakfast.net\/es\/nosotros\/","title":{"rendered":"Nosotros"},"content":{"rendered":"<p><div class=\"responsive-tabs\">\n<h2 class=\"tabtitle\">Sobre el Cusco B&amp;B<\/h2>\n<div class=\"tabcontent\">\n<\/p>\n<table style=\"height: 330px;\" width=\"100%\">\n<tbody>\n<tr>\n<td><a href=\"https:\/\/www.cuscobedandbreakfast.net\/wp-content\/uploads\/2015\/06\/Cusco-BB-Outside-Entrance.jpg\"><img loading=\"lazy\" decoding=\"async\" class=\"alignnone wp-image-248 size-medium\" src=\"https:\/\/www.cuscobedandbreakfast.net\/wp-content\/uploads\/2015\/06\/Cusco-BB-Outside-Entrance-300x165.jpg\" alt=\"\" width=\"300\" height=\"165\" srcset=\"https:\/\/www.cuscobedandbreakfast.net\/wp-content\/uploads\/2015\/06\/Cusco-BB-Outside-Entrance-300x165.jpg 300w, https:\/\/www.cuscobedandbreakfast.net\/wp-content\/uploads\/2015\/06\/Cusco-BB-Outside-Entrance.jpg 1000w\" sizes=\"auto, (max-width: 300px) 100vw, 300px\" \/><\/a><\/td>\n<td>\n<h3>Estamos orgullosos de ser un hospedaje operado por una familia cusque\u00f1a.<\/h3>\n<p>Somos un hotel nuevo que inaugur\u00f3 en Julio de 2014. Somos una pareja de Cusque\u00f1os\u00a0que administra el hotel. Con el apoyo de\u00a0nuestra<span style=\"font-family: inherit; font-size: inherit;\">\u00a0<\/span><span style=\"font-family: inherit; font-size: inherit;\">hijos<\/span><span style=\"font-family: inherit; font-size: inherit;\">\u00a0y familia, nuestra mission es proveer servicio personalizado\u00a0de alta calidad, que nos hace diferente de los otros hoteles para que su\u00a0estadia en Cusco sea inolvidable.<\/span><\/td>\n<\/tr>\n<\/tbody>\n<\/table>\n\n<\/div><h2 class=\"tabtitle\">Ubicac\u00edon<\/h2>\n<div class=\"tabcontent\">\n\n<table style=\"height: 330px;\" width=\"100%\">\n<tbody>\n<tr>\n<td><img loading=\"lazy\" decoding=\"async\" class=\"alignnone wp-image-536 size-medium\" src=\"https:\/\/www.cuscobedandbreakfast.net\/wp-content\/uploads\/2017\/06\/CTI_9027-300x197.jpg\" alt=\"CTI_9027\" width=\"300\" height=\"197\" srcset=\"https:\/\/www.cuscobedandbreakfast.net\/wp-content\/uploads\/2017\/06\/CTI_9027-300x197.jpg 300w, https:\/\/www.cuscobedandbreakfast.net\/wp-content\/uploads\/2017\/06\/CTI_9027-768x505.jpg 768w, https:\/\/www.cuscobedandbreakfast.net\/wp-content\/uploads\/2017\/06\/CTI_9027.jpg 1000w\" sizes=\"auto, (max-width: 300px) 100vw, 300px\" \/><\/td>\n<td>\n<h3>C\u00e9ntrico y rodeado de la cultura local<\/h3>\n<p>Estamos convenientemente ubicados en el centro de Cusco, cerca de los mercados locales y lugares de inter\u00e9s! El mercado San Pedro est\u00e1 a s\u00f3lo una cuadra de distancia y tiene textiles y souvenirs. Tambi\u00e9n hay una tienda de comestibles justo al otro lado de la calle donde puedes comprar aperitivos y agua. Tambi\u00e9n estamos cerca de la Plaza de Armas, la plaza principal de Cusco que cuenta con una gran variedad de restaurantes y bares. Adem\u00e1s, no hay necesidad de preocuparse por el transporte por que nuestro B &amp; B est\u00e1 cerca de varias estaciones de autobuses y los taxis est\u00e1n siempre cerca.<\/td>\n<\/tr>\n<\/tbody>\n<\/table>\n<h3>\u00a0\n<\/div><h2 class=\"tabtitle\">Proyectos de la Comunidad<\/h2>\n<div class=\"tabcontent\">\n<\/h3>\n<table style=\"height: 30px;\" width=\"803\">\n<tbody>\n<tr>\n<td><img loading=\"lazy\" decoding=\"async\" class=\"alignnone size-medium wp-image-502\" src=\"https:\/\/www.cuscobedandbreakfast.net\/wp-content\/uploads\/2017\/06\/JAC_0995-300x200.jpg\" alt=\"JAC_0995\" width=\"300\" height=\"200\" srcset=\"https:\/\/www.cuscobedandbreakfast.net\/wp-content\/uploads\/2017\/06\/JAC_0995-300x200.jpg 300w, https:\/\/www.cuscobedandbreakfast.net\/wp-content\/uploads\/2017\/06\/JAC_0995-768x512.jpg 768w, https:\/\/www.cuscobedandbreakfast.net\/wp-content\/uploads\/2017\/06\/JAC_0995.jpg 900w\" sizes=\"auto, (max-width: 300px) 100vw, 300px\" \/><\/td>\n<td>\n<h3>Hemos estado asociados con Cusi Travel para ayudar a apoyar la educaci\u00f3n en el pueblo andino de Mahuaypampa.<\/h3>\n<p>Conjunto con Cusi Travel, nosotros ayudamos a mejorar la educacion de Mahuaypampa. Este es una peque\u00f1a comunidad Andina que esta localizada a una hora fuera de Cusco. Nuestro objectivo es mejorar la educacion con el\u00a0aprendizaje de\u00a0Ingles por lo cual nosotros\u00a0donamos\u00a0materiales de aprendizaje como libros, cuadernos, la piceros, etc. Cada a\u00f1o nosotros organizamos la fiesta navide\u00f1a en la escuela primeria de Mahuaypampa donde nosotros damos chocolate, pan de navidad, regalos, show del payaso y tambien los estudiantes presentan algunas actuaciones musicales.<\/p>\n<p>Como cusque\u00f1os, es importante apoyar \u00a0las comunidades Anindas. Cuando usted hace la reserva con Cusco B&amp;B, est\u00e1 apoyando directamente al trabajo y los proyectos que hacemos en Mahuaypampa.<\/td>\n<\/tr>\n<\/tbody>\n<\/table>\n<h3><\/h3>\n<p><\/div><\/div><\/p>","protected":false},"excerpt":{"rendered":"<p>Estamos orgullosos de ser un hospedaje operado por una familia cusque\u00f1a. Somos un hotel nuevo que inaugur\u00f3 en Julio de 2014. Somos una pareja de Cusque\u00f1os\u00a0que administra el hotel. Con el apoyo de\u00a0nuestra\u00a0hijos\u00a0y familia, nuestra mission es proveer servicio personalizado\u00a0de alta calidad, que nos hace diferente de los otros hoteles para que su\u00a0estadia en Cusco [&hellip;]<\/p>\n","protected":false},"author":1,"featured_media":0,"parent":0,"menu_order":0,"comment_status":"open","ping_status":"open","template":"","meta":{"footnotes":""},"class_list":["post-16","page","type-page","status-publish","hentry"],"_links":{"self":[{"href":"https:\/\/www.cuscobedandbreakfast.net\/es\/wp-json\/wp\/v2\/pages\/16","targetHints":{"allow":["GET"]}}],"collection":[{"href":"https:\/\/www.cuscobedandbreakfast.net\/es\/wp-json\/wp\/v2\/pages"}],"about":[{"href":"https:\/\/www.cuscobedandbreakfast.net\/es\/wp-json\/wp\/v2\/types\/page"}],"author":[{"embeddable":true,"href":"https:\/\/www.cuscobedandbreakfast.net\/es\/wp-json\/wp\/v2\/users\/1"}],"replies":[{"embeddable":true,"href":"https:\/\/www.cuscobedandbreakfast.net\/es\/wp-json\/wp\/v2\/comments?post=16"}],"version-history":[{"count":73,"href":"https:\/\/www.cuscobedandbreakfast.net\/es\/wp-json\/wp\/v2\/pages\/16\/revisions"}],"predecessor-version":[{"id":911,"href":"https:\/\/www.cuscobedandbreakfast.net\/es\/wp-json\/wp\/v2\/pages\/16\/revisions\/911"}],"wp:attachment":[{"href":"https:\/\/www.cuscobedandbreakfast.net\/es\/wp-json\/wp\/v2\/media?parent=16"}],"curies":[{"name":"wp","href":"https:\/\/api.w.org\/{rel}","templated":true}]}}