{"id":2,"date":"2015-06-18T18:03:56","date_gmt":"2015-06-18T18:03:56","guid":{"rendered":"https:\/\/www.cuscobedandbreakfast.net\/?page_id=2"},"modified":"2026-03-23T12:12:43","modified_gmt":"2026-03-23T12:12:43","slug":"home","status":"publish","type":"page","link":"https:\/\/www.cuscobedandbreakfast.net\/es\/","title":{"rendered":"Inicio"},"content":{"rendered":"<p><\/p>\n<h2>Bienvenidos<\/h2>\n<h3>Cusco B&amp;B es un hotel familiar idealmente ubicado en el centro de Cusco. Tiene todas las amenidades modernas de un hotel grande proporcionando un servicio de alta calidad y una atenci\u00f3n personalizada de esta forma se sentir\u00e1 como en su casa.<\/h3>\n<p>Cusco B&amp;B tiene habitaciones con una decoraci\u00f3n rustica en el centro de Cusco. Nuestro prop\u00f3sito es que los hu\u00e9spedes se sientan como en casa y la atenci\u00f3n para cada uno de ellos es personalizada. Estamos ubicados al frente de mercado tradicional San Pedro y estamos a 3 cuadras de la plaza mayor de Cusco (Plaza de Armas). Despu\u00e9s de hacer el check-in, nuestro personal amigable y servicial le acompa\u00f1ar\u00e1 a su cuarto donde puede relejarse en tranquilidad y tendr\u00e1 a su disposici\u00f3n un termo de agua caliente y una variedad de t\u00e9 y coca, ya que esto le ayudar\u00e1 a la altura. Como familia Cusque\u00f1a, estaremos emocionados y listos para ayudarle en lo que necesite contestando cualquier pregunta que tenga sobre nuestra casa hospedaje. \u00a1Cusco es una ciudad incre\u00edble y hacemos todo lo posible para que usted tenga una experiencia maravillosa mientras est\u00e9 aqu\u00ed!<\/p>\n<p>Tambi\u00e9n nuestra familia tiene una agencia que se llama <a href=\"http:\/\/www.cusitravel.com\/\" target=\"_blank\" rel=\"noopener\">Cusi Travel<\/a>, la cual tiene una oficina ubicada convenientemente en el edifico de Cusco B&amp;B. Por favor si\u00e9ntase libre de preguntarnos sobre los tours en Cusco mientras viaje por el Per\u00fa. \u00a1Podemos organizar cualquiera caminata o tour privado de calidad, con gu\u00edas especializados, transporte personalizado, si tiene inter\u00e9s!<\/p>\n<h2>Las Habitaciones<\/h2>\n<p>\n\t\t<!-- MasterSlider -->\n\t\t<div id=\"P_MS69e9a55735abb\" class=\"master-slider-parent ms-partialview-template ms-parent-id-3\" style=\"max-width:100%;\"  >\n\t\t\t\t\n\t\t\t\n\t\t\t<!-- MasterSlider Main -->\n\t\t\t<div id=\"MS69e9a55735abb\" class=\"master-slider ms-skin-default\" >\n\t\t\t\t \t\t\t\t \n\t\t\t\t<div  class=\"ms-slide\" data-delay=\"3\" data-fill-mode=\"fill\"  >\n\t\t\t\t\t<img decoding=\"async\" src=\"https:\/\/www.cuscobedandbreakfast.net\/wp-content\/plugins\/masterslider\/public\/assets\/css\/blank.gif\" alt=\"\" title=\"\" data-src=\"https:\/\/www.cuscobedandbreakfast.net\/wp-content\/uploads\/2015\/06\/doble.jpg\" \/>\n\n\t\t\t\t\t<div class=\"ms-info\">&nbsp;<\/div>\n\n\t\t\t\t\t<div  class=\"ms-layer\" style=\"\"     data-ease=\"easeOutQuint\"                data-offset-x=\"12\" data-offset-y=\"-23\" data-origin=\"ml\" data-position=\"normal\" >\n<h3>Habitaci\u00f3n Doble<\/h3>Para la persona que viaja acompa\u00f1ada, <br \/>disfruten de su estad\u00eda en una de nuestras <br \/>habitaciones dobles las cuales incluyen dos<br \/>camas c\u00f3modas simples. Es una habitaci\u00f3n<br \/>acogedora que tiene todos los servicios que <br \/>usted necesitar\u00e1 para sentirse como en su casa.<\/div>\n\n\n\t\t\t\t<\/div>\n\t\t\t\t<div  class=\"ms-slide\" data-delay=\"3\" data-fill-mode=\"fill\"  >\n\t\t\t\t\t<img decoding=\"async\" src=\"https:\/\/www.cuscobedandbreakfast.net\/wp-content\/plugins\/masterslider\/public\/assets\/css\/blank.gif\" alt=\"\" title=\"\" data-src=\"https:\/\/www.cuscobedandbreakfast.net\/wp-content\/uploads\/2015\/06\/matrimonial.jpg\" \/>\n\n\t\t\t\t\t<div class=\"ms-info\">&nbsp;<\/div>\n\n\t\t\t\t\t<div  class=\"ms-layer\" style=\"width:379px;\"   data-duration=\"1162\"  data-ease=\"easeOutQuint\"                data-offset-x=\"16\" data-offset-y=\"-5\" data-origin=\"ml\" data-position=\"normal\" >\n<h3>Habitaci\u00f3n Matrimonial<\/h3>Disfrute esta habitaci\u00f3n con una cama <br \/>matrimonial y un ba\u00f1o privado. <br \/>La habitaci\u00f3n tambi\u00e9n tiene una mesa <br \/>de centro y sillas. Cada habitaci\u00f3n <br \/>est\u00e1 dise\u00f1ada elegantemente para que<br \/> se sienta c\u00f3modo como en casa.<\/div>\n\n\n\t\t\t\t<\/div>\n\t\t\t\t<div  class=\"ms-slide\" data-delay=\"3\" data-fill-mode=\"fill\"  >\n\t\t\t\t\t<img decoding=\"async\" src=\"https:\/\/www.cuscobedandbreakfast.net\/wp-content\/plugins\/masterslider\/public\/assets\/css\/blank.gif\" alt=\"\" title=\"\" data-src=\"https:\/\/www.cuscobedandbreakfast.net\/wp-content\/uploads\/2015\/06\/triple.jpg\" \/>\n\n\t\t\t\t\t<div class=\"ms-info\">&nbsp;<\/div>\n\n\t\t\t\t\t<div  class=\"ms-layer\" style=\"\"     data-ease=\"easeOutQuint\"                data-offset-x=\"23\" data-offset-y=\"8\" data-origin=\"ml\" data-position=\"normal\" >\n<h3>Habitaci\u00f3n Triple<\/h3>Nuestra habitaci\u00f3n triple tiene m\u00e1s <br \/>espacio que las otras habitaciones, <br \/>as\u00ed usted y su grupo estar\u00e1n suficientemente <br \/>c\u00f3modos. Esta habitaci\u00f3n tiene 3 camas <br \/>simples y un ba\u00f1o grande completamente <br \/>decorado. Tambi\u00e9n tiene sillas y <br \/>una mesa de centro<\/div>\n\n\n\t\t\t\t<\/div>\n\n\t\t\t<\/div>\n\t\t\t<!-- END MasterSlider Main -->\n\n\t\t\t \n\t\t<\/div>\n\t\t<!-- END MasterSlider --> \n\t\t\n\t\t<script>\n\t\t(function ( $ ) {\n\t\t\t\"use strict\";\n\n\t\t\t$(function () {\n\t\t\t\tvar masterslider_5abb = new MasterSlider();\n\n\t\t\t\t\/\/ slider controls\n\t\t\t\tmasterslider_5abb.control('arrows'     ,{ autohide:true, overVideo:true  });                    \n\t\t\t\tmasterslider_5abb.control('circletimer',{ autohide:false, overVideo:true, color:'#FFFFFF', radius:4, stroke:9   });\n\t\t\t\tmasterslider_5abb.control('slideinfo'  ,{ autohide:false, overVideo:true, dir:'h', align:'bottom',inset:false , margin:10   });\n\t\t\t\t\/\/ slider setup\n\t\t\t\tmasterslider_5abb.setup(\"MS69e9a55735abb\", {\n\t\t\t\t\t\twidth           : 700,\n\t\t\t\t\t\theight          : 350,\n\t\t\t\t\t\tminHeight       : 0,\n\t\t\t\t\t\tspace           : 40,\n\t\t\t\t\t\tstart           : 1,\n\t\t\t\t\t\tgrabCursor      : true,\n\t\t\t\t\t\tswipe           : true,\n\t\t\t\t\t\tmouse           : true,\n\t\t\t\t\t\tkeyboard        : false,\n\t\t\t\t\t\tlayout          : \"partialview\", \n\t\t\t\t\t\twheel           : false,\n\t\t\t\t\t\tautoplay        : true,\n\t\t\t\t\t\tinstantStartLayers:false,\n\t\t\t\t\t\tloop            : true,\n\t\t\t\t\t\tshuffle         : false,\n\t\t\t\t\t\tpreload         : 3,\n\t\t\t\t\t\theightLimit     : true,\n\t\t\t\t\t\tautoHeight      : false,\n\t\t\t\t\t\tsmoothHeight    : true,\n\t\t\t\t\t\tendPause        : false,\n\t\t\t\t\t\toverPause       : true,\n\t\t\t\t\t\tfillMode        : \"fill\", \n\t\t\t\t\t\tcenterControls  : true,\n\t\t\t\t\t\tstartOnAppear   : true,\n\t\t\t\t\t\tlayersMode      : \"center\", \n\t\t\t\t\t\tautofillTarget  : \"\", \n\t\t\t\t\t\thideLayers      : false, \n\t\t\t\t\t\tfullscreenMargin: 0,\n\t\t\t\t\t\tspeed           : 15, \n\t\t\t\t\t\tdir             : \"h\", \n\t\t\t\t\t\tparallaxMode    : 'swipe',\n\t\t\t\t\t\tview            : \"partialWave\"\n\t\t\t\t});\n\t\t\t\t\n\n\t\t\t\t\n\t\t\t\twindow.masterslider_instances = window.masterslider_instances || [];\n\t\t\t\twindow.masterslider_instances.push( masterslider_5abb );\n\t\t\t });\n\t\t\t\n\t\t})(jQuery);\n\t\t<\/script> \n\t\t\n<\/p>","protected":false},"excerpt":{"rendered":"<p>Bienvenidos Cusco B&amp;B es un hotel familiar idealmente ubicado en el centro de Cusco. Tiene todas las amenidades modernas de un hotel grande proporcionando un servicio de alta calidad y una atenci\u00f3n personalizada de esta forma se sentir\u00e1 como en su casa. Cusco B&amp;B tiene habitaciones con una decoraci\u00f3n rustica en el centro de Cusco. [&hellip;]<\/p>\n","protected":false},"author":1,"featured_media":0,"parent":0,"menu_order":0,"comment_status":"open","ping_status":"open","template":"home.php","meta":{"footnotes":""},"class_list":["post-2","page","type-page","status-publish","hentry"],"_links":{"self":[{"href":"https:\/\/www.cuscobedandbreakfast.net\/es\/wp-json\/wp\/v2\/pages\/2","targetHints":{"allow":["GET"]}}],"collection":[{"href":"https:\/\/www.cuscobedandbreakfast.net\/es\/wp-json\/wp\/v2\/pages"}],"about":[{"href":"https:\/\/www.cuscobedandbreakfast.net\/es\/wp-json\/wp\/v2\/types\/page"}],"author":[{"embeddable":true,"href":"https:\/\/www.cuscobedandbreakfast.net\/es\/wp-json\/wp\/v2\/users\/1"}],"replies":[{"embeddable":true,"href":"https:\/\/www.cuscobedandbreakfast.net\/es\/wp-json\/wp\/v2\/comments?post=2"}],"version-history":[{"count":29,"href":"https:\/\/www.cuscobedandbreakfast.net\/es\/wp-json\/wp\/v2\/pages\/2\/revisions"}],"predecessor-version":[{"id":1005,"href":"https:\/\/www.cuscobedandbreakfast.net\/es\/wp-json\/wp\/v2\/pages\/2\/revisions\/1005"}],"wp:attachment":[{"href":"https:\/\/www.cuscobedandbreakfast.net\/es\/wp-json\/wp\/v2\/media?parent=2"}],"curies":[{"name":"wp","href":"https:\/\/api.w.org\/{rel}","templated":true}]}}