{"id":58,"date":"2015-06-19T21:51:35","date_gmt":"2015-06-19T21:51:35","guid":{"rendered":"https:\/\/www.cuscobedandbreakfast.net\/?page_id=58"},"modified":"2018-03-28T19:29:46","modified_gmt":"2018-03-28T19:29:46","slug":"tours","status":"publish","type":"page","link":"https:\/\/www.cuscobedandbreakfast.net\/es\/tours\/","title":{"rendered":"Tours"},"content":{"rendered":"<p><\/p>\n<h3 style=\"text-align: left;\"><span data-reactid=\".84.1:$mid=11441384933334=261e7357872b886a128.2:0.0.0.0.0.0.$text0\/=1$text0\/=010\">Clientes del Cusco B &amp; B reciben descuentos especiales con Cusi Travel, una agencia de viajes situado dentro del hotel. Cusi Travel ofrece alta calidad y visitas personalizadas en la regi\u00f3n Cusco y Machu Picchu. Ellos requieren un m\u00ednimo de 2 personas para organizar una visita, garantizamos que el m\u00e1ximo n\u00famero de personas en su grupo ser\u00e1 no m\u00e1s de 8. Despu\u00e9s de haber hecho la reserva con Cusco B&amp;B, por favor escriba a Cusi Travel al info@cusitravel.com y h\u00e1gales saber que son h\u00faespedes de Cusco B&amp;B. Tambi\u00e9n h\u00e1gales saber que excursiones le interesarian a ustedes, y ellos responder\u00e1n con la disponibilidad y un precio especial para los hu\u00e9spedes de Cusco B&amp;B. Para obtener m\u00e1s informaci\u00f3n sobre excursiones de Cusi Travel, por favor visite su sitio web en <\/span><a href=\"http:\/\/www.cusitravel.com\/\" target=\"_blank\" rel=\"nofollow\" data-reactid=\".84.1:$mid=11441384933334=261e7357872b886a128.2:0.0.0.0.0.0.$range0\/=10\">www.cusitravel.com<\/a><\/h3>\n<h3 style=\"text-align: left;\">\u00a0cusco B&amp;B se enorgullese de asociarse con la agencia cusi travel para que obtengan acminatas de alta calidad para nuestros huespedes, cusi travel ofrece servicios pequenos y personalizados, y los huespedes de cusco b&amp;b\u00a0 reciben descuentos especiales al reservar con cusi travel. cusi travel se\u00a0 encuentra en la resepcion de cusco b&amp;b.<\/h3>\n<h3 style=\"text-align: left;\">!echa un vistazo para ver que tours ofrecemos!<\/h3>\n<table class=\"tTours mceItemTable\">\n<tbody>\n<tr>\n<td><img loading=\"lazy\" decoding=\"async\" class=\"alignnone size-full wp-image-62\" src=\"https:\/\/www.cuscobedandbreakfast.net\/wp-content\/uploads\/2015\/06\/city-tour-cusco.jpg\" alt=\"city-tour-cusco\" width=\"330\" height=\"140\" srcset=\"https:\/\/www.cuscobedandbreakfast.net\/wp-content\/uploads\/2015\/06\/city-tour-cusco.jpg 330w, https:\/\/www.cuscobedandbreakfast.net\/wp-content\/uploads\/2015\/06\/city-tour-cusco-300x127.jpg 300w\" sizes=\"auto, (max-width: 330px) 100vw, 330px\" \/><\/td>\n<\/tr>\n<tr>\n<td>\n<h3>Tour de la ciudad de Cusco<\/h3>\n<p>Este tour es de mediod\u00eda et tendr\u00e1n\u00a0la oportunidad de explorar el Cusco para aprender sobre la ciudad con una perspectiva hist\u00f3rica y cultural. Visitaremos lugares como El Templo del Sol en\u00a0de la ciudad de Cusco y otros centros arqueol\u00f3gicos que se encuentran afuera de Cusco, como\u00a0Sacsayhuam\u00e1n, Qenqo, Puka Pukara, y Tambomachay.<\/td>\n<\/tr>\n<tr>\n<td><a href=\"http:\/\/www.cusitravel.com\/es\/tour-de-la-cuidad-de-cusco.html\" target=\"_blank\">Leer m\u00e1s<\/a><\/td>\n<\/tr>\n<\/tbody>\n<\/table>\n<table class=\"tTours mceItemTable\" style=\"height: 87px;\" width=\"858\">\n<tbody>\n<tr>\n<td><img loading=\"lazy\" decoding=\"async\" class=\"alignnone size-full wp-image-63\" src=\"https:\/\/www.cuscobedandbreakfast.net\/wp-content\/uploads\/2015\/06\/sacred-valley.jpg\" alt=\"sacred-valley\" width=\"330\" height=\"140\" srcset=\"https:\/\/www.cuscobedandbreakfast.net\/wp-content\/uploads\/2015\/06\/sacred-valley.jpg 330w, https:\/\/www.cuscobedandbreakfast.net\/wp-content\/uploads\/2015\/06\/sacred-valley-300x127.jpg 300w\" sizes=\"auto, (max-width: 330px) 100vw, 330px\" \/><\/td>\n<\/tr>\n<tr>\n<td>\n<h3>\u00a0El Valle Sagrado<\/h3>\n<p>En este tour que toman todo el d\u00eda, recorreremos\u00a0por todo el Valle Sagrado de los Incas para mostrarles a ustedes los sitios arqueol\u00f3gicos m\u00e1s importantes de la zona: como Pisac, Urubamba, y Chinchero. Tambi\u00e9n les ense\u00f1aremos algunas de las tradiciones antiguas que los peruanos todav\u00eda conservan hoy en d\u00eda como las tradiciones y costumbres.<\/td>\n<\/tr>\n<tr>\n<td><a href=\"http:\/\/www.cusitravel.com\/es\/tour-del-valle-sagrado.html\" target=\"_blank\">Leer m\u00e1s<\/a><\/td>\n<\/tr>\n<\/tbody>\n<\/table>\n<table class=\"tTours mceItemTable\" style=\"height: 87px;\" width=\"823\">\n<tbody>\n<tr>\n<td><img loading=\"lazy\" decoding=\"async\" class=\"alignnone size-medium wp-image-253\" src=\"https:\/\/www.cuscobedandbreakfast.net\/wp-content\/uploads\/2015\/06\/Community1-e1440690516693-300x127.jpg\" alt=\"Community\" width=\"300\" height=\"127\" srcset=\"https:\/\/www.cuscobedandbreakfast.net\/wp-content\/uploads\/2015\/06\/Community1-e1440690516693-300x127.jpg 300w, https:\/\/www.cuscobedandbreakfast.net\/wp-content\/uploads\/2015\/06\/Community1-e1440690516693-1024x435.jpg 1024w, https:\/\/www.cuscobedandbreakfast.net\/wp-content\/uploads\/2015\/06\/Community1-e1440690516693.jpg 2048w\" sizes=\"auto, (max-width: 300px) 100vw, 300px\" \/><\/td>\n<\/tr>\n<tr>\n<td>\n<h3>\u00a0Maras, Moray &amp; visita a la comunidad<\/h3>\n<p>Si quisieran disfrutar nuestra cultura quechua y ver sitios incas, esta excursi\u00f3n de d\u00eda primero les llevar\u00e1 a una aldea andina, donde durante la semana ustedes podr\u00edan ense\u00f1ar los estudiantes Ingl\u00e9s\u00a0a una escuela primaria, que es parte del proyectos Cusi. Ustedes tendr\u00e1n un almuerzo con una familia local. Despu\u00e9s de que vamos a recorrer las terrazas incas circulares de Moray, y luego caminaremos a trav\u00e9s de las minas de sal de Maras.<\/td>\n<\/tr>\n<tr>\n<td><a href=\"http:\/\/www.cusitravel.com\/es\/maras-moray-visita-a-la-comunidad.html\" target=\"_blank\">\u00a0Leer m\u00e1s<\/a><\/td>\n<\/tr>\n<\/tbody>\n<\/table>\n<table class=\"tTours mceItemTable\" style=\"height: 212px;\" width=\"818\">\n<tbody>\n<tr>\n<td><img loading=\"lazy\" decoding=\"async\" class=\"alignnone size-medium wp-image-254\" src=\"https:\/\/www.cuscobedandbreakfast.net\/wp-content\/uploads\/2015\/06\/Machu-e1440693720794-300x96.jpg\" alt=\"Machu\" width=\"300\" height=\"96\" srcset=\"https:\/\/www.cuscobedandbreakfast.net\/wp-content\/uploads\/2015\/06\/Machu-e1440693720794-300x96.jpg 300w, https:\/\/www.cuscobedandbreakfast.net\/wp-content\/uploads\/2015\/06\/Machu-e1440693720794-1024x328.jpg 1024w, https:\/\/www.cuscobedandbreakfast.net\/wp-content\/uploads\/2015\/06\/Machu-e1440693720794.jpg 1600w\" sizes=\"auto, (max-width: 300px) 100vw, 300px\" \/><\/td>\n<\/tr>\n<tr>\n<td>\n<h3>2-D\u00edas Valle Sagrado &amp; Machu Picchu<\/h3>\n<p>\u00bfTienen una agenda apretada? Este es el tour para ustedes! Este tour de 2 d\u00edas incluye la visita a lugares principales de Valle Sagrado, como Pisac, Ollantaytambo, y Machu Picchu. Alguna vez se preguntaron cu\u00e1l es la historia detr\u00e1s de esas piedras? No se preocupe, nuestro gu\u00eda les explicar\u00e1 todo. Adem\u00e1s, iremos a ver los animales andinos (\u00a1incluyendo llamas!), una f\u00e1brica local de plata, y un marcado artesanal.<\/td>\n<\/tr>\n<tr>\n<td>\u00a0<a href=\"http:\/\/www.cusitravel.com\/es\/2-dias-valle-sagrado-machu-picchu-paquete.html\" target=\"_blank\">Leer m\u00e1s<\/a><\/td>\n<\/tr>\n<\/tbody>\n<\/table>\n<table class=\"tTours mceItemTable\">\n<tbody>\n<tr>\n<td><img loading=\"lazy\" decoding=\"async\" class=\"alignnone size-full wp-image-65\" src=\"https:\/\/www.cuscobedandbreakfast.net\/wp-content\/uploads\/2015\/06\/lares.jpg\" alt=\"lares\" width=\"330\" height=\"140\" srcset=\"https:\/\/www.cuscobedandbreakfast.net\/wp-content\/uploads\/2015\/06\/lares.jpg 330w, https:\/\/www.cuscobedandbreakfast.net\/wp-content\/uploads\/2015\/06\/lares-300x127.jpg 300w\" sizes=\"auto, (max-width: 330px) 100vw, 330px\" \/><\/td>\n<\/tr>\n<tr>\n<td>\n<h3>4-d\u00edas Caminata de Lares<\/h3>\n<p>Para los sender\u00edstas quienes quieren llegar a una parte de Per\u00fa que ha cambiado muy poco en los \u00faltimos 500 a\u00f1os, hay que hacer esta\u00a0caminata de 4-d\u00edas y 3-noches. En esta linda regi\u00f3n, ustedes van a conocer verdaderos granjeros andinos, y vestidos en ponchos tradicionales de colores vivos. Pasar\u00e1n por las comunidades locales y ver\u00e1n casas con techos de paja hechas de piedras y que son rodeadas por grupos de llamas y alpacas.<\/td>\n<\/tr>\n<tr>\n<td>\u00a0<a href=\"http:\/\/www.cusitravel.com\/lares-trip-tours-lares-cusco-vacations-trail-to-lares-cusco-lares-trek-cusco-peru-tours.html\" target=\"_blank\">Leer m\u00e1s<\/a><\/td>\n<\/tr>\n<\/tbody>\n<\/table>\n<table class=\"tTours mceItemTable\">\n<tbody>\n<tr>\n<td>\u00a0<img loading=\"lazy\" decoding=\"async\" class=\"alignnone wp-image-255\" src=\"https:\/\/www.cuscobedandbreakfast.net\/wp-content\/uploads\/2015\/06\/18324435030_3040385b0e_b-e1440692091544-300x127.jpg\" alt=\"18324435030_3040385b0e_b\" width=\"326\" height=\"138\" srcset=\"https:\/\/www.cuscobedandbreakfast.net\/wp-content\/uploads\/2015\/06\/18324435030_3040385b0e_b-e1440692091544-300x127.jpg 300w, https:\/\/www.cuscobedandbreakfast.net\/wp-content\/uploads\/2015\/06\/18324435030_3040385b0e_b-e1440692091544.jpg 1024w\" sizes=\"auto, (max-width: 326px) 100vw, 326px\" \/><\/td>\n<\/tr>\n<tr>\n<td>\n<h3>4-D\u00edas Paquete Cl\u00e1sico Machu Picchu<\/h3>\n<p>El Camino Inca es la caminata m\u00e1s popular en los Andes y una de las m\u00e1s famosas del mundo. La combinaci\u00f3n de biodiversidad, sitios de antiguos Incas, y vistas incre\u00edbles de las monta\u00f1as cubiertas de nieve y bosques nublados de la selva hacen una caminata inolvidable viaje de 4-d\u00edas hasta Machu Picchu.<\/td>\n<\/tr>\n<tr>\n<td><a href=\"http:\/\/www.cusitravel.com\/es\/4-dias-paquete-clasico-machu-picchu.html\" target=\"_blank\">Leer m\u00e1s\u00a0<\/a><\/td>\n<\/tr>\n<\/tbody>\n<\/table>\n<div class=\"clear\">Si no se ve la caminata o el tour que est\u00e1 buscando, por favor visite nuestro pagina web de\u00a0<a href=\"http:\/\/www.cusitravel.com\/\" target=\"_blank\">Cusi Travel<\/a>\u00a0para obtener m\u00e1s informaci\u00f3n sobre otras caminatas o tours disponibles. \u00a0Ademas, puede enviarnos un mensaje\u00a0directamente a\u00a0<a href=\"mailto:info@cusitravel.com\">info@cusitravel.com<\/a>.<\/div>\n<p><\/p>","protected":false},"excerpt":{"rendered":"<p>Clientes del Cusco B &amp; B reciben descuentos especiales con Cusi Travel, una agencia de viajes situado dentro del hotel. Cusi Travel ofrece alta calidad y visitas personalizadas en la regi\u00f3n Cusco y Machu Picchu. Ellos requieren un m\u00ednimo de 2 personas para organizar una visita, garantizamos que el m\u00e1ximo n\u00famero de personas en su [&hellip;]<\/p>\n","protected":false},"author":1,"featured_media":0,"parent":0,"menu_order":0,"comment_status":"open","ping_status":"open","template":"","meta":{"footnotes":""},"class_list":["post-58","page","type-page","status-publish","hentry"],"_links":{"self":[{"href":"https:\/\/www.cuscobedandbreakfast.net\/es\/wp-json\/wp\/v2\/pages\/58","targetHints":{"allow":["GET"]}}],"collection":[{"href":"https:\/\/www.cuscobedandbreakfast.net\/es\/wp-json\/wp\/v2\/pages"}],"about":[{"href":"https:\/\/www.cuscobedandbreakfast.net\/es\/wp-json\/wp\/v2\/types\/page"}],"author":[{"embeddable":true,"href":"https:\/\/www.cuscobedandbreakfast.net\/es\/wp-json\/wp\/v2\/users\/1"}],"replies":[{"embeddable":true,"href":"https:\/\/www.cuscobedandbreakfast.net\/es\/wp-json\/wp\/v2\/comments?post=58"}],"version-history":[{"count":41,"href":"https:\/\/www.cuscobedandbreakfast.net\/es\/wp-json\/wp\/v2\/pages\/58\/revisions"}],"predecessor-version":[{"id":619,"href":"https:\/\/www.cuscobedandbreakfast.net\/es\/wp-json\/wp\/v2\/pages\/58\/revisions\/619"}],"wp:attachment":[{"href":"https:\/\/www.cuscobedandbreakfast.net\/es\/wp-json\/wp\/v2\/media?parent=58"}],"curies":[{"name":"wp","href":"https:\/\/api.w.org\/{rel}","templated":true}]}}