{"id":621,"date":"2018-04-06T15:28:08","date_gmt":"2018-04-06T15:28:08","guid":{"rendered":"https:\/\/www.cuscobedandbreakfast.net\/en\/?page_id=621"},"modified":"2021-12-18T15:12:54","modified_gmt":"2021-12-18T15:12:54","slug":"info","status":"publish","type":"page","link":"https:\/\/www.cuscobedandbreakfast.net\/es\/informacion\/","title":{"rendered":"Informaci\u00f3n"},"content":{"rendered":"<p><div class=\"responsive-tabs\">\n<h2 class=\"tabtitle\">Informaci\u00f3n<\/h2>\n<div class=\"tabcontent\">\n<\/p>\n<table style=\"height: 30px;\" width=\"955\">\n<tbody>\n<tr>\n<td><img loading=\"lazy\" decoding=\"async\" class=\"alignnone wp-image-678 size-medium\" src=\"https:\/\/www.cuscobedandbreakfast.net\/wp-content\/uploads\/2015\/06\/reception-300x201.png\" width=\"300\" height=\"201\" srcset=\"https:\/\/www.cuscobedandbreakfast.net\/wp-content\/uploads\/2015\/06\/reception-300x201.png 300w, https:\/\/www.cuscobedandbreakfast.net\/wp-content\/uploads\/2015\/06\/reception.png 600w\" sizes=\"auto, (max-width: 300px) 100vw, 300px\" \/><\/td>\n<td>\n<h3><\/h3>\n<h3><\/h3>\n<h3>Aqu\u00ed hay algunas notas de informaci\u00f3n \u00fatiles para ayudarle cuando est\u00e9 en Cusco, \u00a1pero preg\u00fantenos si necesita ayuda con cualquier otra cosa!<\/h3>\n<\/td>\n<\/tr>\n<\/tbody>\n<\/table>\n\n<\/div><h2 class=\"tabtitle\">Dinero<\/h2>\n<div class=\"tabcontent\">\n\n<table style=\"height: 233px;\" width=\"956\">\n<tbody>\n<tr>\n<td><img loading=\"lazy\" decoding=\"async\" class=\"alignnone wp-image-685 size-medium\" src=\"https:\/\/www.cuscobedandbreakfast.net\/wp-content\/uploads\/2018\/04\/35082698_2165371840362274_1182950172183756800_n-300x200.jpg\" width=\"300\" height=\"200\" srcset=\"https:\/\/www.cuscobedandbreakfast.net\/wp-content\/uploads\/2018\/04\/35082698_2165371840362274_1182950172183756800_n-300x200.jpg 300w, https:\/\/www.cuscobedandbreakfast.net\/wp-content\/uploads\/2018\/04\/35082698_2165371840362274_1182950172183756800_n-768x513.jpg 768w, https:\/\/www.cuscobedandbreakfast.net\/wp-content\/uploads\/2018\/04\/35082698_2165371840362274_1182950172183756800_n-1024x684.jpg 1024w, https:\/\/www.cuscobedandbreakfast.net\/wp-content\/uploads\/2018\/04\/35082698_2165371840362274_1182950172183756800_n.jpg 1616w\" sizes=\"auto, (max-width: 300px) 100vw, 300px\" \/><\/td>\n<td>\n<h3><\/h3>\n<p>Siempre lleve billetes peque\u00f1os y efectivo. El cajero autom\u00e1tico m\u00e1s cercano est\u00e1 en la calle mezon de la estrella. Las monedas son importantes ya que algunas cuestan 1,2 y 5 soles.<\/p>\n<p>&nbsp;<\/p>\n<p>Cuando intercambie dinero, puede pedirles que pongan el sello de su empresa en cada billete que le den. Este peque\u00f1o sello es de garant\u00eda para usted ya que significa si hay un problema con uno de los billetes, usted puede volver al mismo lugar de intercambio y pedir que se lo cambien por otro billete.<\/p>\n<p>&nbsp;<\/p>\n<p>Si usa tarjetas de cr\u00e9dito, se le puede cobrar una tarifa adicional de 3-5%, \u00a1as\u00ed que t\u00e9ngalo en cuenta!<\/td>\n<\/tr>\n<\/tbody>\n<\/table>\n\n<\/div><h2 class=\"tabtitle\">Mal de Altura<\/h2>\n<div class=\"tabcontent\">\n\n<table style=\"height: 402px;\" width=\"901\">\n<tbody>\n<tr>\n<td><img loading=\"lazy\" decoding=\"async\" class=\"alignnone wp-image-643 size-medium\" src=\"https:\/\/www.cuscobedandbreakfast.net\/wp-content\/uploads\/2018\/04\/Cusco-BB-Coca-tea-1-e1525106333994-300x225.jpg\" width=\"300\" height=\"225\" srcset=\"https:\/\/www.cuscobedandbreakfast.net\/wp-content\/uploads\/2018\/04\/Cusco-BB-Coca-tea-1-e1525106333994-300x225.jpg 300w, https:\/\/www.cuscobedandbreakfast.net\/wp-content\/uploads\/2018\/04\/Cusco-BB-Coca-tea-1-e1525106333994.jpg 328w\" sizes=\"auto, (max-width: 300px) 100vw, 300px\" \/><\/td>\n<td>\n<h3><\/h3>\n<p>Es natural que los hu\u00e9spedes se sientan \u00abmal de altura\u00bb; dificultad para respirar, mareos y n\u00e1useas cuando hacen actividades en Cusco. \u00a1Beber abundante agua!<\/p>\n<p>&nbsp;<\/p>\n<p>Nuestro remedio favorito es una taza de t\u00e9 de coca que es proporcionada en su habitaci\u00f3n y le ayudaremos a preparar su primera taza.<\/p>\n<p>&nbsp;<\/p>\n<p>Tambi\u00e9n puede adquirir pastillas de soroche de cualquier farmacia si necesita algo m\u00e1s fuerte.<\/td>\n<\/tr>\n<\/tbody>\n<\/table>\n\n<\/div><h2 class=\"tabtitle\">Comida<\/h2>\n<div class=\"tabcontent\">\n\n<table style=\"height: 258px;\" width=\"925\">\n<tbody>\n<tr>\n<td><\/td>\n<td>\n<h3><\/h3>\n<p>&nbsp;<\/p>\n<p>No\u00a0comer comida de la calle. Tenga cuidado al comer verduras crudas que pueden haberse lavado con agua contaminada.<\/p>\n<p>&nbsp;<\/p>\n<p>&nbsp;<\/p>\n<p>Busque \u00abMen\u00fa\u00bb durante el almuerzo para obtener una excelente experiencia culinaria. Por un precio fijo usted adquiere, entrada y bebida. \u00a1Algunos tambi\u00e9n incluyen una ensalada y postre!\u00a0<span style=\"font-family: inherit; font-size: inherit;\">\u00a0<\/span><\/p>\n<div class=\"clearfix _o46 _3erg _29_7 direction_ltr text_align_ltr\">\n<div class=\"_aok\" tabindex=\"0\"><\/div>\n<div id=\"js_1yx\" class=\"_3058 _ui9 _hh7 _s1- _52mr _3oh-\" data-tooltip-content=\"April 11th, 8:09pm\" data-hover=\"tooltip\" data-tooltip-position=\"left\">\n<div class=\"_aok\" tabindex=\"0\"><\/div>\n<div class=\"_aok\" tabindex=\"0\"><span class=\"_3oh- _58nk\">\u00a1Pregunte a recepci\u00f3n por nuestras recomendaciones de restaurantes favoritos!<\/span><\/div>\n<\/div>\n<\/div>\n<p>&nbsp;<\/td>\n<\/tr>\n<\/tbody>\n<\/table>\n<p>&nbsp;<\/p>\n<div class=\"clearfix _o46 _3erg _29_7 direction_ltr text_align_ltr\"><\/div>\n\n<\/div><h2 class=\"tabtitle\">Compras<\/h2>\n<div class=\"tabcontent\">\n\n<table style=\"height: 433px;\" width=\"932\">\n<tbody>\n<tr>\n<td><img loading=\"lazy\" decoding=\"async\" class=\"alignnone wp-image-684 size-medium\" src=\"https:\/\/www.cuscobedandbreakfast.net\/wp-content\/uploads\/2018\/04\/34872841_2165372107028914_346894393849937920_n-300x200.jpg\" width=\"300\" height=\"200\" srcset=\"https:\/\/www.cuscobedandbreakfast.net\/wp-content\/uploads\/2018\/04\/34872841_2165372107028914_346894393849937920_n-300x200.jpg 300w, https:\/\/www.cuscobedandbreakfast.net\/wp-content\/uploads\/2018\/04\/34872841_2165372107028914_346894393849937920_n-768x513.jpg 768w, https:\/\/www.cuscobedandbreakfast.net\/wp-content\/uploads\/2018\/04\/34872841_2165372107028914_346894393849937920_n-1024x684.jpg 1024w, https:\/\/www.cuscobedandbreakfast.net\/wp-content\/uploads\/2018\/04\/34872841_2165372107028914_346894393849937920_n.jpg 1616w\" sizes=\"auto, (max-width: 300px) 100vw, 300px\" \/><\/td>\n<td>\n<h3><\/h3>\n<p>&nbsp;<\/p>\n<p>Usted puede negociar un mejor precio cuando compra. Los vendedores lo esperan. Compare primero para que tenga una idea general de cuales son los precios.<\/p>\n<p>&nbsp;<\/p>\n<p>Si alguien no le da el precio que desea, si\u00e9ntase libre de seguir adelante. Hay un mont\u00f3n de tiendas vendiendo lo mismo.<\/p>\n<p>&nbsp;<\/p>\n<p>Lleve siempre billetes peque\u00f1os porque la mayor\u00eda de las tiendas m\u00e1s peque\u00f1as solo aceptar\u00e1n efectivo o quiz\u00e1s ellos no tengan cambio de billetes de mayor costo.<\/td>\n<\/tr>\n<\/tbody>\n<\/table>\n<p><\/div><\/div><\/p>","protected":false},"excerpt":{"rendered":"<p>Aqu\u00ed hay algunas notas de informaci\u00f3n \u00fatiles para ayudarle cuando est\u00e9 en Cusco, \u00a1pero preg\u00fantenos si necesita ayuda con cualquier otra cosa! Siempre lleve billetes peque\u00f1os y efectivo. El cajero autom\u00e1tico m\u00e1s cercano est\u00e1 en la calle mezon de la estrella. Las monedas son importantes ya que algunas cuestan 1,2 y 5 soles. &nbsp; Cuando [&hellip;]<\/p>\n","protected":false},"author":1,"featured_media":0,"parent":0,"menu_order":0,"comment_status":"closed","ping_status":"closed","template":"","meta":{"footnotes":""},"class_list":["post-621","page","type-page","status-publish","hentry"],"_links":{"self":[{"href":"https:\/\/www.cuscobedandbreakfast.net\/es\/wp-json\/wp\/v2\/pages\/621","targetHints":{"allow":["GET"]}}],"collection":[{"href":"https:\/\/www.cuscobedandbreakfast.net\/es\/wp-json\/wp\/v2\/pages"}],"about":[{"href":"https:\/\/www.cuscobedandbreakfast.net\/es\/wp-json\/wp\/v2\/types\/page"}],"author":[{"embeddable":true,"href":"https:\/\/www.cuscobedandbreakfast.net\/es\/wp-json\/wp\/v2\/users\/1"}],"replies":[{"embeddable":true,"href":"https:\/\/www.cuscobedandbreakfast.net\/es\/wp-json\/wp\/v2\/comments?post=621"}],"version-history":[{"count":68,"href":"https:\/\/www.cuscobedandbreakfast.net\/es\/wp-json\/wp\/v2\/pages\/621\/revisions"}],"predecessor-version":[{"id":939,"href":"https:\/\/www.cuscobedandbreakfast.net\/es\/wp-json\/wp\/v2\/pages\/621\/revisions\/939"}],"wp:attachment":[{"href":"https:\/\/www.cuscobedandbreakfast.net\/es\/wp-json\/wp\/v2\/media?parent=621"}],"curies":[{"name":"wp","href":"https:\/\/api.w.org\/{rel}","templated":true}]}}